{"id":289,"date":"2019-04-09T10:34:32","date_gmt":"2019-04-09T08:34:32","guid":{"rendered":"http:\/\/stokman.w032c1.whn.mooieserver.nl\/?page_id=289"},"modified":"2019-04-10T13:40:00","modified_gmt":"2019-04-10T11:40:00","slug":"kontakt","status":"publish","type":"page","link":"https:\/\/stokmanexport.nl\/de\/kontakt\/","title":{"rendered":"Kontakt"},"content":{"rendered":"<p>[et_pb_section bb_built=&#8220;1&#8243; next_background_color=&#8220;#ffffff&#8220; _builder_version=&#8220;3.19.18&#8243; background_image=&#8220;http:\/\/stokmanexport.nl\/wp-content\/uploads\/2019\/03\/gerbera-geel-oranje-kopie.jpg&#8220;][et_pb_row custom_padding=&#8220;10%||10%|&#8220; _builder_version=&#8220;3.19.18&#8243;][et_pb_column type=&#8220;4_4&#8243;][\/et_pb_column][\/et_pb_row][\/et_pb_section][et_pb_section bb_built=&#8220;1&#8243; prev_background_color=&#8220;#000000&#8243; next_background_color=&#8220;#000000&#8243; _builder_version=&#8220;3.19.18&#8243;][et_pb_row custom_padding=&#8220;3%|4%|3%|4%&#8220; custom_margin=&#8220;-200px|||&#8220; _builder_version=&#8220;3.19.18&#8243; background_color=&#8220;#2b0060&#8243; custom_margin_last_edited=&#8220;on|desktop&#8220; custom_margin_phone=&#8220;0px|||&#8220;][et_pb_column type=&#8220;4_4&#8243;][et_pb_text admin_label=&#8220;Contact&#8220; _builder_version=&#8220;3.21.4&#8243; header_2_line_height=&#8220;1.5em&#8220; background_layout=&#8220;dark&#8220; z_index_tablet=&#8220;500&#8243;]<\/p>\n<h2 style=\"text-align: center;\">Kontakt<\/h2>\n<p style=\"text-align: center;\">Haben Sie konkrete Fragen, sind die Blumen nicht aufgef\u00fchrt oder m\u00f6chten Sie die M\u00f6glichkeiten besprechen? Das ist m\u00f6glich Bitte kontaktieren Sie uns und wir sorgen daf\u00fcr, dass der Kaffee fertig ist.<\/p>\n<p>[\/et_pb_text][\/et_pb_column][\/et_pb_row][\/et_pb_section][et_pb_section bb_built=&#8220;1&#8243; fullwidth=&#8220;off&#8220; specialty=&#8220;on&#8220; prev_background_color=&#8220;#000000&#8243;][et_pb_column type=&#8220;1_2&#8243; specialty_columns=&#8220;3&#8243;][et_pb_row_inner admin_label=&#8220;Rij&#8220;][et_pb_column_inner type=&#8220;4_4&#8243; saved_specialty_column_type=&#8220;1_2&#8243;][et_pb_text admin_label=&#8220;Stokman B.V. &#8220; _builder_version=&#8220;3.21.4&#8243; z_index_tablet=&#8220;500&#8243;]<\/p>\n<h2> Kontaktinformationen <\/h2>\n<p><strong>Stokman B.V.<\/strong> <br \/> Postfach 511 <br \/>2675 ZT Honselersdijk <br \/>T: +31(0)174-612470 <br \/>F: +31(0)174-612480 <br \/><a href=\"mailto:info@stokmanexport.nl\">info@stokmanexport.nl<\/a><\/p>\n<p>[\/et_pb_text][\/et_pb_column_inner][\/et_pb_row_inner][et_pb_row_inner admin_label=&#8220;Rij&#8220;][et_pb_column_inner type=&#8220;1_2&#8243; saved_specialty_column_type=&#8220;1_2&#8243;][et_pb_image _builder_version=&#8220;3.21.4&#8243; src=&#8220;http:\/\/stokmanexport.nl\/wp-content\/uploads\/2019\/04\/andre.jpg&#8220; z_index_tablet=&#8220;500&#8243; \/][et_pb_text _builder_version=&#8220;3.19.18&#8243;]<\/p>\n<p><strong>Andr\u00e9 van Leeuwen<\/strong> <br \/>+31(0)6-22572915<\/p>\n<p>[\/et_pb_text][\/et_pb_column_inner][et_pb_column_inner type=&#8220;1_2&#8243; saved_specialty_column_type=&#8220;1_2&#8243;][et_pb_image _builder_version=&#8220;3.21.4&#8243; src=&#8220;http:\/\/stokmanexport.nl\/wp-content\/uploads\/2019\/04\/jaap.jpg&#8220; z_index_tablet=&#8220;500&#8243; \/][et_pb_text _builder_version=&#8220;3.19.18&#8243;]<\/p>\n<p><strong>Jaap Remmelzwaal<\/strong> <br \/>+31(0)6-22572919<\/p>\n<p>[\/et_pb_text][\/et_pb_column_inner][\/et_pb_row_inner][\/et_pb_column][et_pb_column type=&#8220;1_2&#8243;][et_pb_contact_form _builder_version=&#8220;3.21.4&#8243; title=&#8220;Kontaktformular&#8220; success_message=&#8220;Vielen Dank f\u00fcr Ihre Nachricht. Wir werden uns so schnell wie m\u00f6glich mit Ihnen in Verbindung setzen.&#8220; submit_button_text=&#8220;Senden&#8220; email=&#8220;info@stokmanexport.nl&#8220; custom_message=&#8220;Via de website stokmanexport.nl is het onderstaande bericht verzonden:||et_pb_line_break_holder||||et_pb_line_break_holder||%%Bedrijfsnaam%%||et_pb_line_break_holder||%%Naam%%||et_pb_line_break_holder||%%Telefoonnummer%%||et_pb_line_break_holder||%%Email%%||et_pb_line_break_holder||||et_pb_line_break_holder||%%Bericht%%&#8220; captcha=&#8220;off&#8220; custom_button=&#8220;on&#8220; button_text_color=&#8220;#ffffff&#8220; button_border_width=&#8220;2&#8243; button_border_color=&#8220;#b8be02&#8243; button_bg_color=&#8220;#b8be02&#8243; button_icon=&#8220;%%20%%&#8220; button_icon_color=&#8220;#ffffff&#8220; title_level=&#8220;h2&#8243; title_font=&#8220;|700|||||||&#8220; z_index_tablet=&#8220;500&#8243;][et_pb_contact_field field_title=&#8220;Firmenname&#8220; field_type=&#8220;input&#8220; field_id=&#8220;Firmenname&#8220; required_mark=&#8220;on&#8220; fullwidth_field=&#8220;on&#8220; _builder_version=&#8220;3.21.4&#8243; checkbox_checked=&#8220;off&#8220; checkbox_options=&#8220;%91{%22value%22:%22Naam%22,%22checked%22:0}%93&#8243; radio_options=&#8220;%91{%22value%22:%22Naam%22,%22checked%22:0}%93&#8243; select_options=&#8220;%91{%22value%22:%22Naam%22,%22checked%22:0}%93&#8243; min_length=&#8220;0&#8243; max_length=&#8220;0&#8243; allowed_symbols=&#8220;all&#8220; conditional_logic=&#8220;off&#8220; conditional_logic_relation=&#8220;off&#8220; conditional_logic_rules=&#8220;%91{%22field%22:%22email%22,%22condition%22:%22is%22,%22value%22:%22%22}%93&#8243; link_option_url_new_window=&#8220;off&#8220; use_background_color_gradient=&#8220;off&#8220; background_color_gradient_start=&#8220;#2b87da&#8220; background_color_gradient_end=&#8220;#29c4a9&#8243; background_color_gradient_type=&#8220;linear&#8220; background_color_gradient_direction=&#8220;180deg&#8220; background_color_gradient_direction_radial=&#8220;center&#8220; background_color_gradient_start_position=&#8220;0%&#8220; background_color_gradient_end_position=&#8220;100%&#8220; background_color_gradient_overlays_image=&#8220;off&#8220; parallax=&#8220;off&#8220; parallax_method=&#8220;on&#8220; background_size=&#8220;cover&#8220; background_position=&#8220;center&#8220; background_repeat=&#8220;no-repeat&#8220; background_blend=&#8220;normal&#8220; allow_player_pause=&#8220;off&#8220; background_video_pause_outside_viewport=&#8220;on&#8220; form_field_text_shadow_style=&#8220;none&#8220; box_shadow_style=&#8220;none&#8220; hover_transition_duration=&#8220;300ms&#8220; hover_transition_delay=&#8220;0ms&#8220; hover_transition_speed_curve=&#8220;ease&#8220; form_field_text_shadow_horizontal_length=&#8220;0em&#8220; form_field_text_shadow_vertical_length=&#8220;0em&#8220; form_field_text_shadow_blur_strength=&#8220;0em&#8220; \/][et_pb_contact_field field_title=&#8220;Vor- und Nachname&#8220; field_type=&#8220;input&#8220; field_id=&#8220;Naam&#8220; required_mark=&#8220;on&#8220; fullwidth_field=&#8220;on&#8220; _builder_version=&#8220;3.21.4&#8243; checkbox_checked=&#8220;off&#8220; checkbox_options=&#8220;%91{%22value%22:%22Naam%22,%22checked%22:0}%93&#8243; radio_options=&#8220;%91{%22value%22:%22Naam%22,%22checked%22:0}%93&#8243; select_options=&#8220;%91{%22value%22:%22Naam%22,%22checked%22:0}%93&#8243; min_length=&#8220;0&#8243; max_length=&#8220;0&#8243; allowed_symbols=&#8220;all&#8220; conditional_logic=&#8220;off&#8220; conditional_logic_relation=&#8220;off&#8220; conditional_logic_rules=&#8220;%91{%22field%22:%22email%22,%22condition%22:%22is%22,%22value%22:%22%22}%93&#8243; link_option_url_new_window=&#8220;off&#8220; use_background_color_gradient=&#8220;off&#8220; background_color_gradient_start=&#8220;#2b87da&#8220; background_color_gradient_end=&#8220;#29c4a9&#8243; background_color_gradient_type=&#8220;linear&#8220; background_color_gradient_direction=&#8220;180deg&#8220; background_color_gradient_direction_radial=&#8220;center&#8220; background_color_gradient_start_position=&#8220;0%&#8220; background_color_gradient_end_position=&#8220;100%&#8220; background_color_gradient_overlays_image=&#8220;off&#8220; parallax=&#8220;off&#8220; parallax_method=&#8220;on&#8220; background_size=&#8220;cover&#8220; background_position=&#8220;center&#8220; background_repeat=&#8220;no-repeat&#8220; background_blend=&#8220;normal&#8220; allow_player_pause=&#8220;off&#8220; background_video_pause_outside_viewport=&#8220;on&#8220; form_field_text_shadow_style=&#8220;none&#8220; box_shadow_style=&#8220;none&#8220; hover_transition_duration=&#8220;300ms&#8220; hover_transition_delay=&#8220;0ms&#8220; hover_transition_speed_curve=&#8220;ease&#8220; form_field_text_shadow_horizontal_length=&#8220;0em&#8220; form_field_text_shadow_vertical_length=&#8220;0em&#8220; form_field_text_shadow_blur_strength=&#8220;0em&#8220; \/][et_pb_contact_field field_title=&#8220;E-Mail-Adresse&#8220; field_type=&#8220;email&#8220; field_id=&#8220;Email&#8220; required_mark=&#8220;on&#8220; fullwidth_field=&#8220;on&#8220; _builder_version=&#8220;3.21.4&#8243; checkbox_checked=&#8220;off&#8220; checkbox_options=&#8220;%91{%22value%22:%22E-mailadres%22,%22checked%22:0}%93&#8243; radio_options=&#8220;%91{%22value%22:%22E-mailadres%22,%22checked%22:0}%93&#8243; select_options=&#8220;%91{%22value%22:%22E-mailadres%22,%22checked%22:0}%93&#8243; min_length=&#8220;0&#8243; max_length=&#8220;0&#8243; allowed_symbols=&#8220;all&#8220; conditional_logic=&#8220;off&#8220; conditional_logic_relation=&#8220;off&#8220; conditional_logic_rules=&#8220;%91{%22field%22:%22firmenname%22,%22condition%22:%22is%22,%22value%22:%22%22}%93&#8243; link_option_url_new_window=&#8220;off&#8220; use_background_color_gradient=&#8220;off&#8220; background_color_gradient_start=&#8220;#2b87da&#8220; background_color_gradient_end=&#8220;#29c4a9&#8243; background_color_gradient_type=&#8220;linear&#8220; background_color_gradient_direction=&#8220;180deg&#8220; background_color_gradient_direction_radial=&#8220;center&#8220; background_color_gradient_start_position=&#8220;0%&#8220; background_color_gradient_end_position=&#8220;100%&#8220; background_color_gradient_overlays_image=&#8220;off&#8220; parallax=&#8220;off&#8220; parallax_method=&#8220;on&#8220; background_size=&#8220;cover&#8220; background_position=&#8220;center&#8220; background_repeat=&#8220;no-repeat&#8220; background_blend=&#8220;normal&#8220; allow_player_pause=&#8220;off&#8220; background_video_pause_outside_viewport=&#8220;on&#8220; form_field_text_shadow_style=&#8220;none&#8220; box_shadow_style=&#8220;none&#8220; hover_transition_duration=&#8220;300ms&#8220; hover_transition_delay=&#8220;0ms&#8220; hover_transition_speed_curve=&#8220;ease&#8220; form_field_text_shadow_horizontal_length=&#8220;0em&#8220; form_field_text_shadow_vertical_length=&#8220;0em&#8220; form_field_text_shadow_blur_strength=&#8220;0em&#8220; \/][et_pb_contact_field field_title=&#8220;Telefonnummer&#8220; field_type=&#8220;input&#8220; field_id=&#8220;Telefoonnummer&#8220; required_mark=&#8220;on&#8220; fullwidth_field=&#8220;on&#8220; _builder_version=&#8220;3.21.4&#8243; checkbox_checked=&#8220;off&#8220; checkbox_options=&#8220;%91{%22value%22:%22Naam%22,%22checked%22:0}%93&#8243; radio_options=&#8220;%91{%22value%22:%22Naam%22,%22checked%22:0}%93&#8243; select_options=&#8220;%91{%22value%22:%22Naam%22,%22checked%22:0}%93&#8243; min_length=&#8220;0&#8243; max_length=&#8220;0&#8243; allowed_symbols=&#8220;all&#8220; conditional_logic=&#8220;off&#8220; conditional_logic_relation=&#8220;off&#8220; conditional_logic_rules=&#8220;%91{%22field%22:%22email%22,%22condition%22:%22is%22,%22value%22:%22%22}%93&#8243; link_option_url_new_window=&#8220;off&#8220; use_background_color_gradient=&#8220;off&#8220; background_color_gradient_start=&#8220;#2b87da&#8220; background_color_gradient_end=&#8220;#29c4a9&#8243; background_color_gradient_type=&#8220;linear&#8220; background_color_gradient_direction=&#8220;180deg&#8220; background_color_gradient_direction_radial=&#8220;center&#8220; background_color_gradient_start_position=&#8220;0%&#8220; background_color_gradient_end_position=&#8220;100%&#8220; background_color_gradient_overlays_image=&#8220;off&#8220; parallax=&#8220;off&#8220; parallax_method=&#8220;on&#8220; background_size=&#8220;cover&#8220; background_position=&#8220;center&#8220; background_repeat=&#8220;no-repeat&#8220; background_blend=&#8220;normal&#8220; allow_player_pause=&#8220;off&#8220; background_video_pause_outside_viewport=&#8220;on&#8220; form_field_text_shadow_style=&#8220;none&#8220; box_shadow_style=&#8220;none&#8220; hover_transition_duration=&#8220;300ms&#8220; hover_transition_delay=&#8220;0ms&#8220; hover_transition_speed_curve=&#8220;ease&#8220; form_field_text_shadow_horizontal_length=&#8220;0em&#8220; form_field_text_shadow_vertical_length=&#8220;0em&#8220; form_field_text_shadow_blur_strength=&#8220;0em&#8220; \/][et_pb_contact_field field_title=&#8220;Nachricht&#8220; field_type=&#8220;text&#8220; field_id=&#8220;Bericht&#8220; required_mark=&#8220;on&#8220; fullwidth_field=&#8220;on&#8220; _builder_version=&#8220;3.21.4&#8243; checkbox_checked=&#8220;off&#8220; checkbox_options=&#8220;%91{%22value%22:%22Bericht%22,%22checked%22:0}%93&#8243; radio_options=&#8220;%91{%22value%22:%22Bericht%22,%22checked%22:0}%93&#8243; select_options=&#8220;%91{%22value%22:%22Bericht%22,%22checked%22:0}%93&#8243; min_length=&#8220;0&#8243; max_length=&#8220;0&#8243; allowed_symbols=&#8220;all&#8220; conditional_logic=&#8220;off&#8220; conditional_logic_relation=&#8220;off&#8220; conditional_logic_rules=&#8220;%91{%22field%22:%22firmenname%22,%22condition%22:%22is%22,%22value%22:%22%22}%93&#8243; link_option_url_new_window=&#8220;off&#8220; use_background_color_gradient=&#8220;off&#8220; background_color_gradient_start=&#8220;#2b87da&#8220; background_color_gradient_end=&#8220;#29c4a9&#8243; background_color_gradient_type=&#8220;linear&#8220; background_color_gradient_direction=&#8220;180deg&#8220; background_color_gradient_direction_radial=&#8220;center&#8220; background_color_gradient_start_position=&#8220;0%&#8220; background_color_gradient_end_position=&#8220;100%&#8220; background_color_gradient_overlays_image=&#8220;off&#8220; parallax=&#8220;off&#8220; parallax_method=&#8220;on&#8220; background_size=&#8220;cover&#8220; background_position=&#8220;center&#8220; background_repeat=&#8220;no-repeat&#8220; background_blend=&#8220;normal&#8220; allow_player_pause=&#8220;off&#8220; background_video_pause_outside_viewport=&#8220;on&#8220; form_field_text_shadow_style=&#8220;none&#8220; box_shadow_style=&#8220;none&#8220; hover_transition_duration=&#8220;300ms&#8220; hover_transition_delay=&#8220;0ms&#8220; hover_transition_speed_curve=&#8220;ease&#8220; form_field_text_shadow_horizontal_length=&#8220;0em&#8220; form_field_text_shadow_vertical_length=&#8220;0em&#8220; form_field_text_shadow_blur_strength=&#8220;0em&#8220; \/][\/et_pb_contact_form][\/et_pb_column][\/et_pb_section]<\/p>\n","protected":false},"excerpt":{"rendered":"<p>Kontakt Haben Sie konkrete Fragen, sind die Blumen nicht aufgef\u00fchrt oder m\u00f6chten Sie die M\u00f6glichkeiten besprechen? Das ist m\u00f6glich Bitte kontaktieren Sie uns und wir sorgen daf\u00fcr, dass der Kaffee fertig ist. Kontaktinformationen Stokman B.V. Postfach 511 2675 ZT Honselersdijk T: +31(0)174-612470 F: +31(0)174-612480 info@stokmanexport.nl Andr\u00e9 van Leeuwen +31(0)6-22572915 Jaap Remmelzwaal +31(0)6-22572919<\/p>\n","protected":false},"author":1,"featured_media":0,"parent":0,"menu_order":0,"comment_status":"closed","ping_status":"closed","template":"","meta":{"_et_pb_use_builder":"on","_et_pb_old_content":"","_et_gb_content_width":""},"yoast_head":"<!-- This site is optimized with the Yoast SEO plugin v20.10 - https:\/\/yoast.com\/wordpress\/plugins\/seo\/ -->\n<title>Kontakt - Stokman<\/title>\n<meta name=\"robots\" content=\"index, follow, max-snippet:-1, max-image-preview:large, max-video-preview:-1\" \/>\n<link rel=\"canonical\" href=\"https:\/\/stokmanexport.nl\/de\/kontakt\/\" \/>\n<meta property=\"og:locale\" content=\"de_DE\" \/>\n<meta property=\"og:type\" content=\"article\" \/>\n<meta property=\"og:title\" content=\"Kontakt - Stokman\" \/>\n<meta property=\"og:description\" content=\"Kontakt Haben Sie konkrete Fragen, sind die Blumen nicht aufgef\u00fchrt oder m\u00f6chten Sie die M\u00f6glichkeiten besprechen? Das ist m\u00f6glich Bitte kontaktieren Sie uns und wir sorgen daf\u00fcr, dass der Kaffee fertig ist. Kontaktinformationen Stokman B.V. Postfach 511 2675 ZT Honselersdijk T: +31(0)174-612470 F: +31(0)174-612480 info@stokmanexport.nl Andr\u00e9 van Leeuwen +31(0)6-22572915 Jaap Remmelzwaal +31(0)6-22572919\" \/>\n<meta property=\"og:url\" content=\"https:\/\/stokmanexport.nl\/de\/kontakt\/\" \/>\n<meta property=\"og:site_name\" content=\"Stokman\" \/>\n<meta property=\"article:modified_time\" content=\"2019-04-10T11:40:00+00:00\" \/>\n<meta name=\"twitter:card\" content=\"summary_large_image\" \/>\n<meta name=\"twitter:label1\" content=\"Gesch\u00e4tzte Lesezeit\" \/>\n\t<meta name=\"twitter:data1\" content=\"7\u00a0Minuten\" \/>\n<script type=\"application\/ld+json\" class=\"yoast-schema-graph\">{\"@context\":\"https:\/\/schema.org\",\"@graph\":[{\"@type\":\"WebPage\",\"@id\":\"https:\/\/stokmanexport.nl\/de\/kontakt\/\",\"url\":\"https:\/\/stokmanexport.nl\/de\/kontakt\/\",\"name\":\"Kontakt - Stokman\",\"isPartOf\":{\"@id\":\"https:\/\/stokmanexport.nl\/#website\"},\"datePublished\":\"2019-04-09T08:34:32+00:00\",\"dateModified\":\"2019-04-10T11:40:00+00:00\",\"breadcrumb\":{\"@id\":\"https:\/\/stokmanexport.nl\/de\/kontakt\/#breadcrumb\"},\"inLanguage\":\"de\",\"potentialAction\":[{\"@type\":\"ReadAction\",\"target\":[\"https:\/\/stokmanexport.nl\/de\/kontakt\/\"]}]},{\"@type\":\"BreadcrumbList\",\"@id\":\"https:\/\/stokmanexport.nl\/de\/kontakt\/#breadcrumb\",\"itemListElement\":[{\"@type\":\"ListItem\",\"position\":1,\"name\":\"Home\",\"item\":\"https:\/\/stokmanexport.nl\/de\/\"},{\"@type\":\"ListItem\",\"position\":2,\"name\":\"Kontakt\"}]},{\"@type\":\"WebSite\",\"@id\":\"https:\/\/stokmanexport.nl\/#website\",\"url\":\"https:\/\/stokmanexport.nl\/\",\"name\":\"Stokman\",\"description\":\"Bloemenexport\",\"potentialAction\":[{\"@type\":\"SearchAction\",\"target\":{\"@type\":\"EntryPoint\",\"urlTemplate\":\"https:\/\/stokmanexport.nl\/?s={search_term_string}\"},\"query-input\":\"required name=search_term_string\"}],\"inLanguage\":\"de\"}]}<\/script>\n<!-- \/ Yoast SEO plugin. -->","yoast_head_json":{"title":"Kontakt - Stokman","robots":{"index":"index","follow":"follow","max-snippet":"max-snippet:-1","max-image-preview":"max-image-preview:large","max-video-preview":"max-video-preview:-1"},"canonical":"https:\/\/stokmanexport.nl\/de\/kontakt\/","og_locale":"de_DE","og_type":"article","og_title":"Kontakt - Stokman","og_description":"Kontakt Haben Sie konkrete Fragen, sind die Blumen nicht aufgef\u00fchrt oder m\u00f6chten Sie die M\u00f6glichkeiten besprechen? Das ist m\u00f6glich Bitte kontaktieren Sie uns und wir sorgen daf\u00fcr, dass der Kaffee fertig ist. Kontaktinformationen Stokman B.V. Postfach 511 2675 ZT Honselersdijk T: +31(0)174-612470 F: +31(0)174-612480 info@stokmanexport.nl Andr\u00e9 van Leeuwen +31(0)6-22572915 Jaap Remmelzwaal +31(0)6-22572919","og_url":"https:\/\/stokmanexport.nl\/de\/kontakt\/","og_site_name":"Stokman","article_modified_time":"2019-04-10T11:40:00+00:00","twitter_card":"summary_large_image","twitter_misc":{"Gesch\u00e4tzte Lesezeit":"7\u00a0Minuten"},"schema":{"@context":"https:\/\/schema.org","@graph":[{"@type":"WebPage","@id":"https:\/\/stokmanexport.nl\/de\/kontakt\/","url":"https:\/\/stokmanexport.nl\/de\/kontakt\/","name":"Kontakt - Stokman","isPartOf":{"@id":"https:\/\/stokmanexport.nl\/#website"},"datePublished":"2019-04-09T08:34:32+00:00","dateModified":"2019-04-10T11:40:00+00:00","breadcrumb":{"@id":"https:\/\/stokmanexport.nl\/de\/kontakt\/#breadcrumb"},"inLanguage":"de","potentialAction":[{"@type":"ReadAction","target":["https:\/\/stokmanexport.nl\/de\/kontakt\/"]}]},{"@type":"BreadcrumbList","@id":"https:\/\/stokmanexport.nl\/de\/kontakt\/#breadcrumb","itemListElement":[{"@type":"ListItem","position":1,"name":"Home","item":"https:\/\/stokmanexport.nl\/de\/"},{"@type":"ListItem","position":2,"name":"Kontakt"}]},{"@type":"WebSite","@id":"https:\/\/stokmanexport.nl\/#website","url":"https:\/\/stokmanexport.nl\/","name":"Stokman","description":"Bloemenexport","potentialAction":[{"@type":"SearchAction","target":{"@type":"EntryPoint","urlTemplate":"https:\/\/stokmanexport.nl\/?s={search_term_string}"},"query-input":"required name=search_term_string"}],"inLanguage":"de"}]}},"_links":{"self":[{"href":"https:\/\/stokmanexport.nl\/de\/wp-json\/wp\/v2\/pages\/289"}],"collection":[{"href":"https:\/\/stokmanexport.nl\/de\/wp-json\/wp\/v2\/pages"}],"about":[{"href":"https:\/\/stokmanexport.nl\/de\/wp-json\/wp\/v2\/types\/page"}],"author":[{"embeddable":true,"href":"https:\/\/stokmanexport.nl\/de\/wp-json\/wp\/v2\/users\/1"}],"replies":[{"embeddable":true,"href":"https:\/\/stokmanexport.nl\/de\/wp-json\/wp\/v2\/comments?post=289"}],"version-history":[{"count":4,"href":"https:\/\/stokmanexport.nl\/de\/wp-json\/wp\/v2\/pages\/289\/revisions"}],"predecessor-version":[{"id":331,"href":"https:\/\/stokmanexport.nl\/de\/wp-json\/wp\/v2\/pages\/289\/revisions\/331"}],"wp:attachment":[{"href":"https:\/\/stokmanexport.nl\/de\/wp-json\/wp\/v2\/media?parent=289"}],"curies":[{"name":"wp","href":"https:\/\/api.w.org\/{rel}","templated":true}]}}