{"id":230,"date":"2019-03-11T10:08:22","date_gmt":"2019-03-11T09:08:22","guid":{"rendered":"http:\/\/stokman.w032c1.whn.mooieserver.nl\/uber-uns\/"},"modified":"2019-04-09T10:25:19","modified_gmt":"2019-04-09T08:25:19","slug":"uber-uns","status":"publish","type":"page","link":"https:\/\/stokmanexport.nl\/de\/uber-uns\/","title":{"rendered":"\u00dcber uns"},"content":{"rendered":"<p>[et_pb_section bb_built=&#8220;1&#8243; next_background_color=&#8220;#ffffff&#8220; _builder_version=&#8220;3.19.18&#8243; background_image=&#8220;http:\/\/stokmanexport.nl\/wp-content\/uploads\/2019\/03\/allerlei-kopie-2.jpg&#8220;][et_pb_row custom_padding=&#8220;10%||10%|&#8220; _builder_version=&#8220;3.19.18&#8243;][et_pb_column type=&#8220;4_4&#8243;][\/et_pb_column][\/et_pb_row][\/et_pb_section][et_pb_section bb_built=&#8220;1&#8243; prev_background_color=&#8220;#000000&#8243; next_background_color=&#8220;#000000&#8243; _builder_version=&#8220;3.19.18&#8243;][et_pb_row custom_padding=&#8220;3%|4%|3%|4%&#8220; custom_margin=&#8220;-200px|||&#8220; _builder_version=&#8220;3.19.18&#8243; background_color=&#8220;#2b0060&#8243; custom_margin_phone=&#8220;0px|||&#8220; custom_margin_last_edited=&#8220;on|desktop&#8220;][et_pb_column type=&#8220;4_4&#8243;][et_pb_text admin_label=&#8220;Wie zijn wij?&#8220; _builder_version=&#8220;3.19.18&#8243; header_2_line_height=&#8220;1.5em&#8220; background_layout=&#8220;dark&#8220;]<\/p>\n<h2 style=\"text-align: center;\"> Wer sind wir?<\/h2>\n<p style=\"text-align: center;\">Wir sind \u201cBloemen-Export en Groothandel Stokman BV\u201d, besser bekannt als Stokman (Blumenexport). Unser Betrieb wurde im Jahre 1973 gegr\u00fcndet, seitdem w\u00e4chst unsere Geschichte und auch unser Name in- und au\u00dferhalb der Versteigerung.<\/p>\n<p>[\/et_pb_text][\/et_pb_column][\/et_pb_row][\/et_pb_section][et_pb_section bb_built=&#8220;1&#8243; prev_background_color=&#8220;#000000&#8243; next_background_color=&#8220;#000000&#8243; _builder_version=&#8220;3.19.18&#8243;][et_pb_row _builder_version=&#8220;3.19.18&#8243; custom_padding=&#8220;0|0px|27px|0px|false|false&#8220;][et_pb_column type=&#8220;1_2&#8243;][et_pb_text admin_label=&#8220;Wat hebben wij te bieden?&#8220; _builder_version=&#8220;3.19.18&#8243;]<\/p>\n<h2>Was bieten wir an?<\/h2>\n<p>Stokman ist ein konstanter Partner mit viel Erfahrung im Bereich der Schnittblumen, Topfpflanzen, Diversen sowie Dekorationsmaterialien.<br \/>\nUnser Team besteht aus erfahrenden Eink\u00e4ufern mit jeweiligen Spezialgebieten in den Produktgruppen.<\/p>\n<p>Die Eink\u00e4ufer arbeiten an allen Versteigerungstagen in den drei gro\u00dfen Versteigerungen von Floraholland in Naaldwijk, Aalsmeer und Rijnsburg.<br \/>\nZudem arbeiten wir direkt mit verschiedenen Z\u00fcchtern (G\u00e4rtnern?) und Importeuren zusammen, damit wir zus\u00e4tzlich zu den Versteigerungsprodukten auch eine weitere Produktauswahl bieten k\u00f6nnen.<\/p>\n<p>[\/et_pb_text][\/et_pb_column][et_pb_column type=&#8220;1_2&#8243;][et_pb_text admin_label=&#8220;Rijke geschiedenis in een modern jasje&#8220; _builder_version=&#8220;3.19.18&#8243;]<\/p>\n<h2>Langj\u00e4hrige Geschichte verkn\u00fcpft mit der Moderne<\/h2>\n<p> Nach mittlerweile 45 Jahren in der Branche, schauen wir zur\u00fcck auf die vielen Ver\u00e4nderungen und eine lange Firmengeschichte.<br \/>\nVon der gro\u00dfen Uhr in der Versteigerung bis hin zum Einkauf am Computer, von den alten Verkaufswagen mit Rolll\u00e4den zu den \u00fcberlangen Sattelz\u00fcgen, aber auch von den Bestellungen per Fax bis hin zum Einkauf \u00fcber den Webshop.<\/p>\n<p> Die Geschichte ist weiterhin in unserem Betrieb sp\u00fcr- und greifbar, dennoch ist unser Blick stets auf die Zukunft und deren Entwicklung gerichtet. Kontinuierlich erproben wir neue Techniken, beleuchten diese kritisch und passen sie gegebenenfalls unserem Betrieb an. So k\u00f6nnen wir auch in Zukunft Ihnen, unseren Kunden, in allem Umfang das passende Angebot bieten.<\/p>\n<p>[\/et_pb_text][\/et_pb_column][\/et_pb_row][\/et_pb_section][et_pb_section bb_built=&#8220;1&#8243; prev_background_color=&#8220;#ffffff&#8220; _builder_version=&#8220;3.19.18&#8243; background_image=&#8220;http:\/\/stokmanexport.nl\/wp-content\/uploads\/2019\/03\/lelie_2016-05_0-kopie.jpg&#8220; custom_padding=&#8220;7%||7%|&#8220;][et_pb_row custom_padding=&#8220;3%|4%|3%|4%&#8220; _builder_version=&#8220;3.19.18&#8243; background_color=&#8220;#2b0060&#8243;][et_pb_column type=&#8220;4_4&#8243;][et_pb_text _builder_version=&#8220;3.21.4&#8243; header_2_line_height=&#8220;1.5em&#8220; background_layout=&#8220;dark&#8220; z_index_tablet=&#8220;500&#8243;]<\/p>\n<h2 style=\"text-align: center;\">M\u00f6chten Sie mehr wissen?<\/h2>\n<p style=\"text-align: center;\">Haben Sie konkrete Fragen, sind die Blumen nicht aufgef\u00fchrt oder m\u00f6chten Sie die M\u00f6glichkeiten besprechen? Das ist m\u00f6glich Bitte kontaktieren Sie uns und wir sorgen daf\u00fcr, dass der Kaffee fertig ist.<\/p>\n<p>[\/et_pb_text][et_pb_button button_url=&#8220;\/?page_id=12&#8243; button_text=&#8220;Nehmen Sie Kontakt auf&#8220; button_alignment=&#8220;center&#8220; _builder_version=&#8220;3.21.4&#8243; background_layout=&#8220;dark&#8220; z_index_tablet=&#8220;500&#8243; \/][\/et_pb_column][\/et_pb_row][\/et_pb_section]<\/p>\n","protected":false},"excerpt":{"rendered":"<p>Wer sind wir? Wir sind \u201cBloemen-Export en Groothandel Stokman BV\u201d, besser bekannt als Stokman (Blumenexport). Unser Betrieb wurde im Jahre 1973 gegr\u00fcndet, seitdem w\u00e4chst unsere Geschichte und auch unser Name in- und au\u00dferhalb der Versteigerung. Was bieten wir an? Stokman ist ein konstanter Partner mit viel Erfahrung im Bereich der Schnittblumen, Topfpflanzen, Diversen sowie Dekorationsmaterialien. [&hellip;]<\/p>\n","protected":false},"author":1,"featured_media":0,"parent":0,"menu_order":0,"comment_status":"closed","ping_status":"closed","template":"","meta":{"_et_pb_use_builder":"on","_et_pb_old_content":"","_et_gb_content_width":""},"yoast_head":"<!-- This site is optimized with the Yoast SEO plugin v20.10 - https:\/\/yoast.com\/wordpress\/plugins\/seo\/ -->\n<title>\u00dcber uns - Stokman<\/title>\n<meta name=\"robots\" content=\"index, follow, max-snippet:-1, max-image-preview:large, max-video-preview:-1\" \/>\n<link rel=\"canonical\" href=\"https:\/\/stokmanexport.nl\/de\/uber-uns\/\" \/>\n<meta property=\"og:locale\" content=\"de_DE\" \/>\n<meta property=\"og:type\" content=\"article\" \/>\n<meta property=\"og:title\" content=\"\u00dcber uns - Stokman\" \/>\n<meta property=\"og:description\" content=\"Wer sind wir? Wir sind \u201cBloemen-Export en Groothandel Stokman BV\u201d, besser bekannt als Stokman (Blumenexport). Unser Betrieb wurde im Jahre 1973 gegr\u00fcndet, seitdem w\u00e4chst unsere Geschichte und auch unser Name in- und au\u00dferhalb der Versteigerung. Was bieten wir an? Stokman ist ein konstanter Partner mit viel Erfahrung im Bereich der Schnittblumen, Topfpflanzen, Diversen sowie Dekorationsmaterialien. [&hellip;]\" \/>\n<meta property=\"og:url\" content=\"https:\/\/stokmanexport.nl\/de\/uber-uns\/\" \/>\n<meta property=\"og:site_name\" content=\"Stokman\" \/>\n<meta property=\"article:modified_time\" content=\"2019-04-09T08:25:19+00:00\" \/>\n<meta name=\"twitter:card\" content=\"summary_large_image\" \/>\n<meta name=\"twitter:label1\" content=\"Gesch\u00e4tzte Lesezeit\" \/>\n\t<meta name=\"twitter:data1\" content=\"3\u00a0Minuten\" \/>\n<script type=\"application\/ld+json\" class=\"yoast-schema-graph\">{\"@context\":\"https:\/\/schema.org\",\"@graph\":[{\"@type\":\"WebPage\",\"@id\":\"https:\/\/stokmanexport.nl\/de\/uber-uns\/\",\"url\":\"https:\/\/stokmanexport.nl\/de\/uber-uns\/\",\"name\":\"\u00dcber uns - Stokman\",\"isPartOf\":{\"@id\":\"https:\/\/stokmanexport.nl\/#website\"},\"datePublished\":\"2019-03-11T09:08:22+00:00\",\"dateModified\":\"2019-04-09T08:25:19+00:00\",\"breadcrumb\":{\"@id\":\"https:\/\/stokmanexport.nl\/de\/uber-uns\/#breadcrumb\"},\"inLanguage\":\"de\",\"potentialAction\":[{\"@type\":\"ReadAction\",\"target\":[\"https:\/\/stokmanexport.nl\/de\/uber-uns\/\"]}]},{\"@type\":\"BreadcrumbList\",\"@id\":\"https:\/\/stokmanexport.nl\/de\/uber-uns\/#breadcrumb\",\"itemListElement\":[{\"@type\":\"ListItem\",\"position\":1,\"name\":\"Home\",\"item\":\"https:\/\/stokmanexport.nl\/de\/\"},{\"@type\":\"ListItem\",\"position\":2,\"name\":\"\u00dcber uns\"}]},{\"@type\":\"WebSite\",\"@id\":\"https:\/\/stokmanexport.nl\/#website\",\"url\":\"https:\/\/stokmanexport.nl\/\",\"name\":\"Stokman\",\"description\":\"Bloemenexport\",\"potentialAction\":[{\"@type\":\"SearchAction\",\"target\":{\"@type\":\"EntryPoint\",\"urlTemplate\":\"https:\/\/stokmanexport.nl\/?s={search_term_string}\"},\"query-input\":\"required name=search_term_string\"}],\"inLanguage\":\"de\"}]}<\/script>\n<!-- \/ Yoast SEO plugin. -->","yoast_head_json":{"title":"\u00dcber uns - Stokman","robots":{"index":"index","follow":"follow","max-snippet":"max-snippet:-1","max-image-preview":"max-image-preview:large","max-video-preview":"max-video-preview:-1"},"canonical":"https:\/\/stokmanexport.nl\/de\/uber-uns\/","og_locale":"de_DE","og_type":"article","og_title":"\u00dcber uns - Stokman","og_description":"Wer sind wir? Wir sind \u201cBloemen-Export en Groothandel Stokman BV\u201d, besser bekannt als Stokman (Blumenexport). Unser Betrieb wurde im Jahre 1973 gegr\u00fcndet, seitdem w\u00e4chst unsere Geschichte und auch unser Name in- und au\u00dferhalb der Versteigerung. Was bieten wir an? Stokman ist ein konstanter Partner mit viel Erfahrung im Bereich der Schnittblumen, Topfpflanzen, Diversen sowie Dekorationsmaterialien. [&hellip;]","og_url":"https:\/\/stokmanexport.nl\/de\/uber-uns\/","og_site_name":"Stokman","article_modified_time":"2019-04-09T08:25:19+00:00","twitter_card":"summary_large_image","twitter_misc":{"Gesch\u00e4tzte Lesezeit":"3\u00a0Minuten"},"schema":{"@context":"https:\/\/schema.org","@graph":[{"@type":"WebPage","@id":"https:\/\/stokmanexport.nl\/de\/uber-uns\/","url":"https:\/\/stokmanexport.nl\/de\/uber-uns\/","name":"\u00dcber uns - Stokman","isPartOf":{"@id":"https:\/\/stokmanexport.nl\/#website"},"datePublished":"2019-03-11T09:08:22+00:00","dateModified":"2019-04-09T08:25:19+00:00","breadcrumb":{"@id":"https:\/\/stokmanexport.nl\/de\/uber-uns\/#breadcrumb"},"inLanguage":"de","potentialAction":[{"@type":"ReadAction","target":["https:\/\/stokmanexport.nl\/de\/uber-uns\/"]}]},{"@type":"BreadcrumbList","@id":"https:\/\/stokmanexport.nl\/de\/uber-uns\/#breadcrumb","itemListElement":[{"@type":"ListItem","position":1,"name":"Home","item":"https:\/\/stokmanexport.nl\/de\/"},{"@type":"ListItem","position":2,"name":"\u00dcber uns"}]},{"@type":"WebSite","@id":"https:\/\/stokmanexport.nl\/#website","url":"https:\/\/stokmanexport.nl\/","name":"Stokman","description":"Bloemenexport","potentialAction":[{"@type":"SearchAction","target":{"@type":"EntryPoint","urlTemplate":"https:\/\/stokmanexport.nl\/?s={search_term_string}"},"query-input":"required name=search_term_string"}],"inLanguage":"de"}]}},"_links":{"self":[{"href":"https:\/\/stokmanexport.nl\/de\/wp-json\/wp\/v2\/pages\/230"}],"collection":[{"href":"https:\/\/stokmanexport.nl\/de\/wp-json\/wp\/v2\/pages"}],"about":[{"href":"https:\/\/stokmanexport.nl\/de\/wp-json\/wp\/v2\/types\/page"}],"author":[{"embeddable":true,"href":"https:\/\/stokmanexport.nl\/de\/wp-json\/wp\/v2\/users\/1"}],"replies":[{"embeddable":true,"href":"https:\/\/stokmanexport.nl\/de\/wp-json\/wp\/v2\/comments?post=230"}],"version-history":[{"count":3,"href":"https:\/\/stokmanexport.nl\/de\/wp-json\/wp\/v2\/pages\/230\/revisions"}],"predecessor-version":[{"id":284,"href":"https:\/\/stokmanexport.nl\/de\/wp-json\/wp\/v2\/pages\/230\/revisions\/284"}],"wp:attachment":[{"href":"https:\/\/stokmanexport.nl\/de\/wp-json\/wp\/v2\/media?parent=230"}],"curies":[{"name":"wp","href":"https:\/\/api.w.org\/{rel}","templated":true}]}}