{"id":227,"date":"2019-03-11T10:06:02","date_gmt":"2019-03-11T09:06:02","guid":{"rendered":"http:\/\/stokman.w032c1.whn.mooieserver.nl\/home\/"},"modified":"2019-04-09T10:23:12","modified_gmt":"2019-04-09T08:23:12","slug":"home","status":"publish","type":"page","link":"https:\/\/stokmanexport.nl\/de\/","title":{"rendered":"Home"},"content":{"rendered":"<p>[et_pb_section bb_built=&#8220;1&#8243; next_background_color=&#8220;#ffffff&#8220; _builder_version=&#8220;3.19.18&#8243; background_image=&#8220;http:\/\/stokmanexport.nl\/wp-content\/uploads\/2019\/03\/gerbera-zwart-wit-kopie.jpg&#8220;][et_pb_row custom_padding=&#8220;10%||10%|&#8220; _builder_version=&#8220;3.19.18&#8243;][et_pb_column type=&#8220;4_4&#8243;][\/et_pb_column][\/et_pb_row][\/et_pb_section][et_pb_section bb_built=&#8220;1&#8243; prev_background_color=&#8220;#000000&#8243; next_background_color=&#8220;#000000&#8243; _builder_version=&#8220;3.19.18&#8243;][et_pb_row custom_padding=&#8220;3%|4%|3%|4%&#8220; custom_margin=&#8220;-200px|||&#8220; _builder_version=&#8220;3.19.18&#8243; background_color=&#8220;#2b0060&#8243; custom_margin_last_edited=&#8220;on|phone&#8220; custom_margin_phone=&#8220;0px|||&#8220;][et_pb_column type=&#8220;4_4&#8243;][et_pb_text _builder_version=&#8220;3.21.4&#8243; header_2_line_height=&#8220;1.5em&#8220; background_layout=&#8220;dark&#8220; z_index_tablet=&#8220;500&#8243;]<\/p>\n<h2 style=\"text-align: center;\">Stokman BV bietet ein Gesamtpaket f\u00fcr Gro\u00dfh\u00e4ndler, Floristen, Handelsketten sowie den Export- und Provisionshandel an. Das Sortiment umfasst Schnittblumen, Schnittlaub, Pflanzen, Dekoration und viele andere verwandte Artikel.<\/h2>\n<p>[\/et_pb_text][\/et_pb_column][\/et_pb_row][\/et_pb_section][et_pb_section bb_built=&#8220;1&#8243; prev_background_color=&#8220;#000000&#8243; next_background_color=&#8220;#000000&#8243; _builder_version=&#8220;3.19.18&#8243;][et_pb_row _builder_version=&#8220;3.19.18&#8243; custom_padding=&#8220;0|0px|27px|0px|false|false&#8220;][et_pb_column type=&#8220;1_4&#8243;][et_pb_blurb title=&#8220;Konstante Partner&#8220; use_icon=&#8220;on&#8220; font_icon=&#8220;%%259%%&#8220; icon_color=&#8220;#b8be02&#8243; _builder_version=&#8220;3.19.18&#8243; text_orientation=&#8220;center&#8220;]<\/p>\n<p>Seit 1973 sind wir an jedem Versteigerungstag f\u00fcr Sie vor Ort!<\/p>\n<p>[\/et_pb_blurb][\/et_pb_column][et_pb_column type=&#8220;1_4&#8243;][et_pb_blurb title=&#8220;Service nach Ma\u00df&#8220; use_icon=&#8220;on&#8220; font_icon=&#8220;%%277%%&#8220; icon_color=&#8220;#b8be02&#8243; _builder_version=&#8220;3.19.18&#8243; text_orientation=&#8220;center&#8220;]<\/p>\n<p>Stokman bietet Ihnen den f\u00fcr Sie passenden Service. Sei es der Einkauf in unserem Webshop, das Kaufen mit KOA oder als Bestellung per Fax.<\/p>\n<p>[\/et_pb_blurb][\/et_pb_column][et_pb_column type=&#8220;1_4&#8243;][et_pb_blurb title=&#8220;Entwicklung \u2013 immer Up to Date&#8220; use_icon=&#8220;on&#8220; font_icon=&#8220;%%176%%&#8220; icon_color=&#8220;#b8be02&#8243; _builder_version=&#8220;3.19.18&#8243; text_orientation=&#8220;center&#8220;]<\/p>\n<p>Um unseren Kunden stets eine optimale Kauferfahrung bieten zu k\u00f6nnen, halten wir jederzeit alle (neuesten) Entwicklungen im Blick.<\/p>\n<p>[\/et_pb_blurb][\/et_pb_column][et_pb_column type=&#8220;1_4&#8243;][et_pb_blurb title=&#8220;Breites Angebotsspektrum&#8220; use_icon=&#8220;on&#8220; font_icon=&#8220;%%242%%&#8220; icon_color=&#8220;#b8be02&#8243; _builder_version=&#8220;3.19.18&#8243; text_orientation=&#8220;center&#8220;]<\/p>\n<p>Wir bieten Ihnen jederzeit ein breites Angebot, sowohl ganzj\u00e4hrige als auch saisonale Produkte. Dies gelingt uns durch das breite Spektrum an Einkaufsvarianten, sowie unseren weit reichenden Kontakten innerhalb der Blumenzucht (-branche).<\/p>\n<p>[\/et_pb_blurb][\/et_pb_column][\/et_pb_row][\/et_pb_section][et_pb_section bb_built=&#8220;1&#8243; prev_background_color=&#8220;#ffffff&#8220; _builder_version=&#8220;3.19.18&#8243; background_image=&#8220;http:\/\/stokmanexport.nl\/wp-content\/uploads\/2019\/03\/lisianthus_2016-05_1-kopie.jpg&#8220; custom_padding=&#8220;7%||7%|&#8220; background_position=&#8220;top_center&#8220;][et_pb_row custom_padding=&#8220;3%|4%|3%|4%&#8220; _builder_version=&#8220;3.19.18&#8243; background_color=&#8220;#2b0060&#8243;][et_pb_column type=&#8220;4_4&#8243;][et_pb_text _builder_version=&#8220;3.21.4&#8243; header_2_line_height=&#8220;1.5em&#8220; background_layout=&#8220;dark&#8220; z_index_tablet=&#8220;500&#8243;]<\/p>\n<h2 style=\"text-align: center;\">M\u00f6chten Sie mehr wissen?<\/h2>\n<p style=\"text-align: center;\">Haben Sie konkrete Fragen, sind die Blumen nicht aufgef\u00fchrt oder m\u00f6chten Sie die M\u00f6glichkeiten besprechen? Das ist m\u00f6glich Bitte kontaktieren Sie uns und wir sorgen daf\u00fcr, dass der Kaffee fertig ist.<\/p>\n<p>[\/et_pb_text][et_pb_button button_url=&#8220;\/?page_id=12&#8243; button_text=&#8220;Nehmen Sie Kontakt auf&#8220; button_alignment=&#8220;center&#8220; _builder_version=&#8220;3.21.4&#8243; background_layout=&#8220;dark&#8220; z_index_tablet=&#8220;500&#8243; \/][\/et_pb_column][\/et_pb_row][\/et_pb_section]<\/p>\n","protected":false},"excerpt":{"rendered":"<p>Stokman BV bietet ein Gesamtpaket f\u00fcr Gro\u00dfh\u00e4ndler, Floristen, Handelsketten sowie den Export- und Provisionshandel an. Das Sortiment umfasst Schnittblumen, Schnittlaub, Pflanzen, Dekoration und viele andere verwandte Artikel. Seit 1973 sind wir an jedem Versteigerungstag f\u00fcr Sie vor Ort! Stokman bietet Ihnen den f\u00fcr Sie passenden Service. Sei es der Einkauf in unserem Webshop, das Kaufen [&hellip;]<\/p>\n","protected":false},"author":1,"featured_media":0,"parent":0,"menu_order":0,"comment_status":"closed","ping_status":"closed","template":"","meta":{"_et_pb_use_builder":"on","_et_pb_old_content":"<!-- wp:paragraph -->\r\n<p>Dit is een voorbeeldpagina. Het is anders dan een blog bericht omdat het op \u00e9\u00e9n plek blijft en tevoorschijn komt in je site navigatie (in de meeste thema's). De meeste mensen starten met een Over pagina dat hen voorstelt aan potenti\u00eble site bezoekers. Het zou iets als dit kunnen zeggen:<\/p>\r\n<!-- \/wp:paragraph --><!-- wp:quote -->\r\n<blockquote class=\"wp-block-quote\">\r\n<p>Hoi daar! Ik ben een fietskoerier in het dagelijks leven en een beginnende acteur in de avonduren. Ik leef in Los Angeles, heb een leuke hond genaamd Jack en ik hou van pi\u00f1a coladas. (En overvallen worden door de regen.)<\/p>\r\n<\/blockquote>\r\n<!-- \/wp:quote --><!-- wp:paragraph -->\r\n<p>...of zoiets als dit:<\/p>\r\n<!-- \/wp:paragraph --><!-- wp:quote -->\r\n<blockquote class=\"wp-block-quote\">\r\n<p>De XYZ Doohickey Company is opgericht in 1971 en heeft sindsdien kwalitatieve doohickeys aan het publiek geleverd. Gevestigd in Gotham City, XYZ heeft meer dan 2000 mensen in dienst en doen allemaal fantastische dingen voor de community in Gotham.<\/p>\r\n<\/blockquote>\r\n<!-- \/wp:quote --><!-- wp:paragraph -->\r\n<p>Als nieuwe WordPress gebruiker kan je naar <a href=\"http:\/\/stokmanexport.nl\/wp-admin\/\">je dashboard<\/a> gaan om deze pagina te verwijderen en nieuwe pagina's toe te voegen voor je inhoud. Veel plezier!<\/p>\r\n<!-- \/wp:paragraph -->","_et_gb_content_width":""},"yoast_head":"<!-- This site is optimized with the Yoast SEO plugin v20.10 - https:\/\/yoast.com\/wordpress\/plugins\/seo\/ -->\n<title>Home - Stokman<\/title>\n<meta name=\"robots\" content=\"index, follow, max-snippet:-1, max-image-preview:large, max-video-preview:-1\" \/>\n<link rel=\"canonical\" href=\"https:\/\/stokmanexport.nl\/de\/\" \/>\n<meta property=\"og:locale\" content=\"de_DE\" \/>\n<meta property=\"og:type\" content=\"article\" \/>\n<meta property=\"og:title\" content=\"Home - Stokman\" \/>\n<meta property=\"og:description\" content=\"Stokman BV bietet ein Gesamtpaket f\u00fcr Gro\u00dfh\u00e4ndler, Floristen, Handelsketten sowie den Export- und Provisionshandel an. Das Sortiment umfasst Schnittblumen, Schnittlaub, Pflanzen, Dekoration und viele andere verwandte Artikel. Seit 1973 sind wir an jedem Versteigerungstag f\u00fcr Sie vor Ort! Stokman bietet Ihnen den f\u00fcr Sie passenden Service. Sei es der Einkauf in unserem Webshop, das Kaufen [&hellip;]\" \/>\n<meta property=\"og:url\" content=\"https:\/\/stokmanexport.nl\/de\/\" \/>\n<meta property=\"og:site_name\" content=\"Stokman\" \/>\n<meta property=\"article:modified_time\" content=\"2019-04-09T08:23:12+00:00\" \/>\n<meta name=\"twitter:card\" content=\"summary_large_image\" \/>\n<meta name=\"twitter:label1\" content=\"Gesch\u00e4tzte Lesezeit\" \/>\n\t<meta name=\"twitter:data1\" content=\"3\u00a0Minuten\" \/>\n<script type=\"application\/ld+json\" class=\"yoast-schema-graph\">{\"@context\":\"https:\/\/schema.org\",\"@graph\":[{\"@type\":\"WebPage\",\"@id\":\"https:\/\/stokmanexport.nl\/de\/\",\"url\":\"https:\/\/stokmanexport.nl\/de\/\",\"name\":\"Home - Stokman\",\"isPartOf\":{\"@id\":\"https:\/\/stokmanexport.nl\/#website\"},\"datePublished\":\"2019-03-11T09:06:02+00:00\",\"dateModified\":\"2019-04-09T08:23:12+00:00\",\"breadcrumb\":{\"@id\":\"https:\/\/stokmanexport.nl\/de\/#breadcrumb\"},\"inLanguage\":\"de\",\"potentialAction\":[{\"@type\":\"ReadAction\",\"target\":[\"https:\/\/stokmanexport.nl\/de\/\"]}]},{\"@type\":\"BreadcrumbList\",\"@id\":\"https:\/\/stokmanexport.nl\/de\/#breadcrumb\",\"itemListElement\":[{\"@type\":\"ListItem\",\"position\":1,\"name\":\"Home\",\"item\":\"https:\/\/stokmanexport.nl\/de\/\"},{\"@type\":\"ListItem\",\"position\":2,\"name\":\"Home\"}]},{\"@type\":\"WebSite\",\"@id\":\"https:\/\/stokmanexport.nl\/#website\",\"url\":\"https:\/\/stokmanexport.nl\/\",\"name\":\"Stokman\",\"description\":\"Bloemenexport\",\"potentialAction\":[{\"@type\":\"SearchAction\",\"target\":{\"@type\":\"EntryPoint\",\"urlTemplate\":\"https:\/\/stokmanexport.nl\/?s={search_term_string}\"},\"query-input\":\"required name=search_term_string\"}],\"inLanguage\":\"de\"}]}<\/script>\n<!-- \/ Yoast SEO plugin. -->","yoast_head_json":{"title":"Home - Stokman","robots":{"index":"index","follow":"follow","max-snippet":"max-snippet:-1","max-image-preview":"max-image-preview:large","max-video-preview":"max-video-preview:-1"},"canonical":"https:\/\/stokmanexport.nl\/de\/","og_locale":"de_DE","og_type":"article","og_title":"Home - Stokman","og_description":"Stokman BV bietet ein Gesamtpaket f\u00fcr Gro\u00dfh\u00e4ndler, Floristen, Handelsketten sowie den Export- und Provisionshandel an. Das Sortiment umfasst Schnittblumen, Schnittlaub, Pflanzen, Dekoration und viele andere verwandte Artikel. Seit 1973 sind wir an jedem Versteigerungstag f\u00fcr Sie vor Ort! Stokman bietet Ihnen den f\u00fcr Sie passenden Service. Sei es der Einkauf in unserem Webshop, das Kaufen [&hellip;]","og_url":"https:\/\/stokmanexport.nl\/de\/","og_site_name":"Stokman","article_modified_time":"2019-04-09T08:23:12+00:00","twitter_card":"summary_large_image","twitter_misc":{"Gesch\u00e4tzte Lesezeit":"3\u00a0Minuten"},"schema":{"@context":"https:\/\/schema.org","@graph":[{"@type":"WebPage","@id":"https:\/\/stokmanexport.nl\/de\/","url":"https:\/\/stokmanexport.nl\/de\/","name":"Home - Stokman","isPartOf":{"@id":"https:\/\/stokmanexport.nl\/#website"},"datePublished":"2019-03-11T09:06:02+00:00","dateModified":"2019-04-09T08:23:12+00:00","breadcrumb":{"@id":"https:\/\/stokmanexport.nl\/de\/#breadcrumb"},"inLanguage":"de","potentialAction":[{"@type":"ReadAction","target":["https:\/\/stokmanexport.nl\/de\/"]}]},{"@type":"BreadcrumbList","@id":"https:\/\/stokmanexport.nl\/de\/#breadcrumb","itemListElement":[{"@type":"ListItem","position":1,"name":"Home","item":"https:\/\/stokmanexport.nl\/de\/"},{"@type":"ListItem","position":2,"name":"Home"}]},{"@type":"WebSite","@id":"https:\/\/stokmanexport.nl\/#website","url":"https:\/\/stokmanexport.nl\/","name":"Stokman","description":"Bloemenexport","potentialAction":[{"@type":"SearchAction","target":{"@type":"EntryPoint","urlTemplate":"https:\/\/stokmanexport.nl\/?s={search_term_string}"},"query-input":"required name=search_term_string"}],"inLanguage":"de"}]}},"_links":{"self":[{"href":"https:\/\/stokmanexport.nl\/de\/wp-json\/wp\/v2\/pages\/227"}],"collection":[{"href":"https:\/\/stokmanexport.nl\/de\/wp-json\/wp\/v2\/pages"}],"about":[{"href":"https:\/\/stokmanexport.nl\/de\/wp-json\/wp\/v2\/types\/page"}],"author":[{"embeddable":true,"href":"https:\/\/stokmanexport.nl\/de\/wp-json\/wp\/v2\/users\/1"}],"replies":[{"embeddable":true,"href":"https:\/\/stokmanexport.nl\/de\/wp-json\/wp\/v2\/comments?post=227"}],"version-history":[{"count":3,"href":"https:\/\/stokmanexport.nl\/de\/wp-json\/wp\/v2\/pages\/227\/revisions"}],"predecessor-version":[{"id":282,"href":"https:\/\/stokmanexport.nl\/de\/wp-json\/wp\/v2\/pages\/227\/revisions\/282"}],"wp:attachment":[{"href":"https:\/\/stokmanexport.nl\/de\/wp-json\/wp\/v2\/media?parent=227"}],"curies":[{"name":"wp","href":"https:\/\/api.w.org\/{rel}","templated":true}]}}